{"id":90,"date":"2025-11-07T21:07:39","date_gmt":"2025-11-07T20:07:39","guid":{"rendered":"https:\/\/fepale.org\/agenda_desarrollo_sostenible_sector_lacteo_america_latina_caribe\/?page_id=90"},"modified":"2025-12-19T15:45:39","modified_gmt":"2025-12-19T14:45:39","slug":"sostenibilidad-dsf","status":"publish","type":"page","link":"https:\/\/fepale.org\/adsslalc\/sostenibilidad-dsf\/","title":{"rendered":"Sostenibilidad (DSF)"},"content":{"rendered":"<p>[et_pb_section fb_built=\u00bb1&#8243; inner_shadow=\u00bbon\u00bb fullwidth=\u00bbon\u00bb admin_label=\u00bbSection\u00bb _builder_version=\u00bb4.27.4&#8243; _module_preset=\u00bbdefault\u00bb da_disable_devices=\u00bboff|off|off\u00bb global_colors_info=\u00bb{}\u00bb da_is_popup=\u00bboff\u00bb da_exit_intent=\u00bboff\u00bb da_has_close=\u00bbon\u00bb da_alt_close=\u00bboff\u00bb da_dark_close=\u00bboff\u00bb da_not_modal=\u00bbon\u00bb da_is_singular=\u00bboff\u00bb da_with_loader=\u00bboff\u00bb da_has_shadow=\u00bbon\u00bb][et_pb_fullwidth_slider use_bg_overlay=\u00bbon\u00bb bg_overlay_color=\u00bbrgba(0,0,0,0.38)\u00bb use_text_overlay=\u00bbon\u00bb text_border_radius=\u00bb15px\u00bb _builder_version=\u00bb4.27.4&#8243; _module_preset=\u00bbdefault\u00bb background_image=\u00bbhttps:\/\/fepale.org\/adsslalc\/wp-content\/uploads\/2025\/11\/sostenibilidad.webp\u00bb global_colors_info=\u00bb{}\u00bb][et_pb_slide heading=\u00bbSostenibilidad-DSF\u00bb use_bg_overlay=\u00bbon\u00bb heading_tablet=\u00bbEquipo de Trabajo\u00bb heading_phone=\u00bbSostenibilidad-DSF\u00bb heading_last_edited=\u00bbon|phone\u00bb _builder_version=\u00bb4.27.4&#8243; _module_preset=\u00bbdefault\u00bb header_level=\u00bbh2&#8243; header_font=\u00bbPlayfair Display||||||||\u00bb header_font_size=\u00bb60px\u00bb header_line_height=\u00bb1.2em\u00bb global_colors_info=\u00bb{}\u00bb sticky_transition=\u00bbon\u00bb]<\/p>\n<p>Impulsamos pr\u00e1cticas sostenibles que fortalecen la competitividad, protegen los recursos naturales y promueven un desarrollo equilibrado del sector l\u00e1cteo en Am\u00e9rica Latina y el Caribe.<\/p>\n<p>[\/et_pb_slide][\/et_pb_fullwidth_slider][\/et_pb_section][et_pb_section fb_built=\u00bb1&#8243; theme_builder_area=\u00bbpost_content\u00bb _builder_version=\u00bb4.27.4&#8243; _module_preset=\u00bbdefault\u00bb da_is_popup=\u00bboff\u00bb da_exit_intent=\u00bboff\u00bb da_has_close=\u00bbon\u00bb da_alt_close=\u00bboff\u00bb da_dark_close=\u00bboff\u00bb da_not_modal=\u00bbon\u00bb da_is_singular=\u00bboff\u00bb da_with_loader=\u00bboff\u00bb da_has_shadow=\u00bbon\u00bb da_disable_devices=\u00bboff|off|off\u00bb][et_pb_row _builder_version=\u00bb4.27.4&#8243; _module_preset=\u00bbdefault\u00bb theme_builder_area=\u00bbpost_content\u00bb column_structure=\u00bb3_5,2_5&#8243;][et_pb_column _builder_version=\u00bb4.27.4&#8243; _module_preset=\u00bbdefault\u00bb type=\u00bb3_5&#8243; theme_builder_area=\u00bbpost_content\u00bb][et_pb_text _builder_version=\u00bb4.27.4&#8243; _module_preset=\u00bbdefault\u00bb theme_builder_area=\u00bbpost_content\u00bb hover_enabled=\u00bb0&#8243; sticky_enabled=\u00bb0&#8243; header_font=\u00bbPlayfair Display||||||||\u00bb header_4_font=\u00bbPlayfair Display||||||||\u00bb]<\/p>\n<h4>Dairy Sustainabilty Framework DSF<\/h4>\n<p><strong>El DSF: un marco de desarrollo sostenible para el sector l\u00e1cteo<\/strong><\/p>\n<p>El objetivo del DSF es proporcionar datos e informes que demuestren la mejora continua de la sostenibilidad del sector l\u00e1cteo global. Tambi\u00e9n ofrece a las organizaciones la posibilidad de conectar y compartir las actividades existentes con organizaciones afines, lo que permite el intercambio de ideas. El marco adopta un enfoque colaborativo y precompetitivo de la sostenibilidad en la cadena de valor l\u00e1ctea global de manera honesta y transparente. Una forma de demostrar al m\u00e1s alto nivel que el sector l\u00e1cteo est\u00e1 elaborando un producto nutricionalmente valioso de forma sostenible.<\/p>\n<p>[\/et_pb_text][\/et_pb_column][et_pb_column _builder_version=\u00bb4.27.4&#8243; _module_preset=\u00bbdefault\u00bb type=\u00bb2_5&#8243; theme_builder_area=\u00bbpost_content\u00bb][et_pb_image src=\u00bbhttps:\/\/fepale.org\/adsslalc\/wp-content\/uploads\/2025\/11\/lgo_DSF-1.jpg\u00bb _builder_version=\u00bb4.27.4&#8243; _module_preset=\u00bbdefault\u00bb theme_builder_area=\u00bbpost_content\u00bb title_text=\u00bblgo_DSF\u00bb hover_enabled=\u00bb0&#8243; sticky_enabled=\u00bb0&#8243; border_radii=\u00bbon|15px|15px|15px|15px\u00bb border_width_all=\u00bb1px\u00bb border_color_all=\u00bbrgba(0,0,0,0.2)\u00bb][\/et_pb_image][\/et_pb_column][\/et_pb_row][\/et_pb_section][et_pb_section fb_built=\u00bb1&#8243; fullwidth=\u00bbon\u00bb theme_builder_area=\u00bbpost_content\u00bb _builder_version=\u00bb4.27.4&#8243; _module_preset=\u00bbdefault\u00bb da_is_popup=\u00bboff\u00bb da_exit_intent=\u00bboff\u00bb da_has_close=\u00bbon\u00bb da_alt_close=\u00bboff\u00bb da_dark_close=\u00bboff\u00bb da_not_modal=\u00bbon\u00bb da_is_singular=\u00bboff\u00bb da_with_loader=\u00bboff\u00bb da_has_shadow=\u00bbon\u00bb da_disable_devices=\u00bboff|off|off\u00bb][et_pb_fullwidth_image src=\u00bbhttps:\/\/fepale.org\/adsslalc\/wp-content\/uploads\/2025\/12\/Banner_adsslalc_2012102154784_00121.png\u00bb _builder_version=\u00bb4.27.4&#8243; _module_preset=\u00bbdefault\u00bb theme_builder_area=\u00bbpost_content\u00bb title_text=\u00bbBanner_adsslalc_2012102154784_00121&#8243; hover_enabled=\u00bb0&#8243; sticky_enabled=\u00bb0&#8243;][\/et_pb_fullwidth_image][\/et_pb_section][et_pb_section fb_built=\u00bb1&#8243; theme_builder_area=\u00bbpost_content\u00bb _builder_version=\u00bb4.27.4&#8243; _module_preset=\u00bbdefault\u00bb da_is_popup=\u00bboff\u00bb da_exit_intent=\u00bboff\u00bb da_has_close=\u00bbon\u00bb da_alt_close=\u00bboff\u00bb da_dark_close=\u00bboff\u00bb da_not_modal=\u00bbon\u00bb da_is_singular=\u00bboff\u00bb da_with_loader=\u00bboff\u00bb da_has_shadow=\u00bbon\u00bb da_disable_devices=\u00bboff|off|off\u00bb][et_pb_row _builder_version=\u00bb4.27.4&#8243; _module_preset=\u00bbdefault\u00bb theme_builder_area=\u00bbpost_content\u00bb column_structure=\u00bb3_5,2_5&#8243;][et_pb_column _builder_version=\u00bb4.27.4&#8243; _module_preset=\u00bbdefault\u00bb type=\u00bb3_5&#8243; theme_builder_area=\u00bbpost_content\u00bb][et_pb_text _builder_version=\u00bb4.27.4&#8243; _module_preset=\u00bbdefault\u00bb theme_builder_area=\u00bbpost_content\u00bb hover_enabled=\u00bb0&#8243; sticky_enabled=\u00bb0&#8243;]<\/p>\n<p><strong>Que es el DSF:<\/strong><\/p>\n<p>\u2022 Iniciativa global desarrollada y liderada por el sector l\u00e1cteo.<\/p>\n<p>\u2022 Proporciona un marco com\u00fan para medir, mejorar y comunicar el desempe\u00f1o de sostenibilidad.<\/p>\n<p>\u2022 Abarca toda la cadena de valor, desde la producci\u00f3n en finca hasta el procesamiento y distribuci\u00f3n.<\/p>\n<p>\u2022 Es una herramienta colaborativa y participativa: fomenta el intercambio de buenas pr\u00e1cticas y la innovaci\u00f3n.<\/p>\n<p>El DSF se basa en once criterios de sostenibilidad y ha establecido objetivos para cada uno de ellos. Cuando un Miembro del DSF da prioridad a un criterio concreto, se compromete a alcanzar el objetivo fijado al m\u00e1s alto nivel (Objetivo Estrat\u00e9gico). Cada uno de los Criterios Globales que se enumeran a continuaci\u00f3n tiene un indicador de alto nivel establecido sobre el que el DSF informar\u00e1 de forma conjunta para la cadena de valor l\u00e1ctea global.<\/p>\n<p>[\/et_pb_text][\/et_pb_column][et_pb_column _builder_version=\u00bb4.27.4&#8243; _module_preset=\u00bbdefault\u00bb type=\u00bb2_5&#8243; theme_builder_area=\u00bbpost_content\u00bb][et_pb_image src=\u00bbhttps:\/\/fepale.org\/adsslalc\/wp-content\/uploads\/2025\/12\/023154876154.jpg\u00bb _builder_version=\u00bb4.27.4&#8243; _module_preset=\u00bbdefault\u00bb theme_builder_area=\u00bbpost_content\u00bb hover_enabled=\u00bb0&#8243; sticky_enabled=\u00bb0&#8243; title_text=\u00bb023154876154&#8243; border_radii=\u00bbon|20px|20px|20px|20px\u00bb box_shadow_style=\u00bbpreset3&#8243;][\/et_pb_image][\/et_pb_column][\/et_pb_row][et_pb_row _builder_version=\u00bb4.27.4&#8243; _module_preset=\u00bbdefault\u00bb theme_builder_area=\u00bbpost_content\u00bb][et_pb_column _builder_version=\u00bb4.27.4&#8243; _module_preset=\u00bbdefault\u00bb type=\u00bb4_4&#8243; theme_builder_area=\u00bbpost_content\u00bb][et_pb_text _builder_version=\u00bb4.27.4&#8243; _module_preset=\u00bbdefault\u00bb theme_builder_area=\u00bbpost_content\u00bb hover_enabled=\u00bb0&#8243; sticky_enabled=\u00bb0&#8243; border_radii=\u00bbon|10px|10px|10px|10px\u00bb border_color_all=\u00bbrgba(0,0,0,0.21)\u00bb border_width_all=\u00bb1px\u00bb custom_padding=\u00bb10px|10px||20px|false|false\u00bb custom_margin=\u00bb||||false|false\u00bb]<\/p>\n<h4>11 criterios del DSF:<\/h4>\n<p>[\/et_pb_text][\/et_pb_column][\/et_pb_row][et_pb_row _builder_version=\u00bb4.27.4&#8243; _module_preset=\u00bbdefault\u00bb theme_builder_area=\u00bbpost_content\u00bb background_color=\u00bbrgba(0,0,0,0.07)\u00bb border_radii=\u00bbon|20px|20px|20px|20px\u00bb hover_enabled=\u00bb0&#8243; sticky_enabled=\u00bb0&#8243;][et_pb_column _builder_version=\u00bb4.27.4&#8243; _module_preset=\u00bbdefault\u00bb type=\u00bb4_4&#8243; theme_builder_area=\u00bbpost_content\u00bb][et_pb_image src=\u00bbhttps:\/\/fepale.org\/adsslalc\/wp-content\/uploads\/2025\/12\/img_DSF_0025487.png\u00bb _builder_version=\u00bb4.27.4&#8243; _module_preset=\u00bbdefault\u00bb theme_builder_area=\u00bbpost_content\u00bb title_text=\u00bbimg_DSF_0025487&#8243; border_radii=\u00bbon|15px|15px|15px|15px\u00bb border_width_all=\u00bb2px\u00bb border_color_all=\u00bb#adabab\u00bb hover_enabled=\u00bb0&#8243; sticky_enabled=\u00bb0&#8243; align=\u00bbcenter\u00bb][\/et_pb_image][\/et_pb_column][\/et_pb_row][\/et_pb_section]<\/p>\n","protected":false},"excerpt":{"rendered":"<p>Impulsamos pr\u00e1cticas sostenibles que fortalecen la competitividad, protegen los recursos naturales y promueven un desarrollo equilibrado del sector l\u00e1cteo en Am\u00e9rica Latina y el Caribe.Dairy Sustainabilty Framework DSF El DSF: un marco de desarrollo sostenible para el sector l\u00e1cteo El objetivo del DSF es proporcionar datos e informes que demuestren la mejora continua de la [&hellip;]<\/p>\n","protected":false},"author":1,"featured_media":0,"parent":0,"menu_order":0,"comment_status":"closed","ping_status":"closed","template":"","meta":{"_et_pb_use_builder":"on","_et_pb_old_content":"","_et_gb_content_width":"","footnotes":""},"class_list":["post-90","page","type-page","status-publish","hentry"],"_links":{"self":[{"href":"https:\/\/fepale.org\/adsslalc\/wp-json\/wp\/v2\/pages\/90","targetHints":{"allow":["GET"]}}],"collection":[{"href":"https:\/\/fepale.org\/adsslalc\/wp-json\/wp\/v2\/pages"}],"about":[{"href":"https:\/\/fepale.org\/adsslalc\/wp-json\/wp\/v2\/types\/page"}],"author":[{"embeddable":true,"href":"https:\/\/fepale.org\/adsslalc\/wp-json\/wp\/v2\/users\/1"}],"replies":[{"embeddable":true,"href":"https:\/\/fepale.org\/adsslalc\/wp-json\/wp\/v2\/comments?post=90"}],"version-history":[{"count":18,"href":"https:\/\/fepale.org\/adsslalc\/wp-json\/wp\/v2\/pages\/90\/revisions"}],"predecessor-version":[{"id":770,"href":"https:\/\/fepale.org\/adsslalc\/wp-json\/wp\/v2\/pages\/90\/revisions\/770"}],"wp:attachment":[{"href":"https:\/\/fepale.org\/adsslalc\/wp-json\/wp\/v2\/media?parent=90"}],"curies":[{"name":"wp","href":"https:\/\/api.w.org\/{rel}","templated":true}]}}