{"id":661,"date":"2025-11-29T14:22:01","date_gmt":"2025-11-29T13:22:01","guid":{"rendered":"https:\/\/fepale.org\/adsslalc\/?page_id=661"},"modified":"2025-12-19T15:03:00","modified_gmt":"2025-12-19T14:03:00","slug":"sobre-el-proyecto","status":"publish","type":"page","link":"https:\/\/fepale.org\/adsslalc\/sobre-el-proyecto\/","title":{"rendered":"Sobre el Proyecto"},"content":{"rendered":"<p>[et_pb_section fb_built=\u00bb1&#8243; inner_shadow=\u00bbon\u00bb fullwidth=\u00bbon\u00bb admin_label=\u00bbSection\u00bb _builder_version=\u00bb4.27.4&#8243; _module_preset=\u00bbdefault\u00bb da_disable_devices=\u00bboff|off|off\u00bb global_colors_info=\u00bb{}\u00bb da_is_popup=\u00bboff\u00bb da_exit_intent=\u00bboff\u00bb da_has_close=\u00bbon\u00bb da_alt_close=\u00bboff\u00bb da_dark_close=\u00bboff\u00bb da_not_modal=\u00bbon\u00bb da_is_singular=\u00bboff\u00bb da_with_loader=\u00bboff\u00bb da_has_shadow=\u00bbon\u00bb][et_pb_fullwidth_slider use_bg_overlay=\u00bbon\u00bb bg_overlay_color=\u00bbrgba(0,0,0,0.38)\u00bb use_text_overlay=\u00bbon\u00bb text_border_radius=\u00bb15px\u00bb _builder_version=\u00bb4.27.4&#8243; _module_preset=\u00bbdefault\u00bb background_image=\u00bbhttps:\/\/fepale.org\/adsslalc\/wp-content\/uploads\/2025\/11\/02154-scaled.jpg\u00bb parallax=\u00bbon\u00bb hover_enabled=\u00bb0&#8243; global_colors_info=\u00bb{}\u00bb sticky_enabled=\u00bb0&#8243; header_font_size_last_edited=\u00bbon|phone\u00bb][et_pb_slide heading=\u00bbBienvenidos a nuestra Presentaci\u00f3n\u00bb use_bg_overlay=\u00bbon\u00bb heading_tablet=\u00bbEquipo de Trabajo\u00bb heading_phone=\u00bbPresentaci\u00f3n\u00bb heading_last_edited=\u00bbon|phone\u00bb _builder_version=\u00bb4.27.4&#8243; _module_preset=\u00bbdefault\u00bb header_level=\u00bbh2&#8243; header_font=\u00bbPlayfair Display||||||||\u00bb header_font_size=\u00bb60px\u00bb header_line_height=\u00bb1em\u00bb hover_enabled=\u00bb0&#8243; global_colors_info=\u00bb{}\u00bb sticky_transition=\u00bbon\u00bb sticky_enabled=\u00bb0&#8243; header_font_size_last_edited=\u00bbon|phone\u00bb header_font_size_phone=\u00bb35px\u00bb body_font_size_last_edited=\u00bbon|phone\u00bb body_font_size_phone=\u00bb25px\u00bb body_font_size=\u00bb25px\u00bb header_font_size_tablet=\u00bb60px\u00bb body_font_size_tablet=\u00bb25px\u00bb]<\/p>\n<p class=\"et_pb_module_heading\">Agenda de Desarrollo Sostenible del Sector L\u00e1cteo de Am\u00e9rica Latina y el Caribe<\/p>\n<p>[\/et_pb_slide][\/et_pb_fullwidth_slider][\/et_pb_section][et_pb_section fb_built=\u00bb1&#8243; _builder_version=\u00bb4.27.4&#8243; _module_preset=\u00bbdefault\u00bb da_disable_devices=\u00bboff|off|off\u00bb global_colors_info=\u00bb{}\u00bb da_is_popup=\u00bboff\u00bb da_exit_intent=\u00bboff\u00bb da_has_close=\u00bbon\u00bb da_alt_close=\u00bboff\u00bb da_dark_close=\u00bboff\u00bb da_not_modal=\u00bbon\u00bb da_is_singular=\u00bboff\u00bb da_with_loader=\u00bboff\u00bb da_has_shadow=\u00bbon\u00bb][et_pb_row _builder_version=\u00bb4.27.4&#8243; _module_preset=\u00bbdefault\u00bb global_colors_info=\u00bb{}\u00bb][et_pb_column type=\u00bb4_4&#8243; _builder_version=\u00bb4.27.4&#8243; _module_preset=\u00bbdefault\u00bb global_colors_info=\u00bb{}\u00bb][et_pb_text _builder_version=\u00bb4.27.4&#8243; _module_preset=\u00bbdefault\u00bb text_font=\u00bbPlayfair Display||||||||\u00bb text_font_size=\u00bb26px\u00bb header_font=\u00bbPlayfair Display||||||||\u00bb header_text_color=\u00bb#000000&#8243; header_font_size=\u00bb26px\u00bb header_line_height=\u00bb1.6em\u00bb global_colors_info=\u00bb{}\u00bb]<\/p>\n<h1>La producci\u00f3n lechera es una actividad estrat\u00e9gica para la seguridad alimentaria, el desarrollo rural y la generaci\u00f3n de empleo en Am\u00e9rica Latina y el Caribe. La regi\u00f3n cuenta con grandes ventajas naturales y sanitarias, pero enfrenta el desaf\u00edo de avanzar hacia una mayor sostenibilidad econ\u00f3mica, social y ambiental.<\/h1>\n<p>[\/et_pb_text][\/et_pb_column][\/et_pb_row][et_pb_row _builder_version=\u00bb4.27.4&#8243; _module_preset=\u00bbdefault\u00bb global_colors_info=\u00bb{}\u00bb][et_pb_column type=\u00bb4_4&#8243; _builder_version=\u00bb4.27.4&#8243; _module_preset=\u00bbdefault\u00bb global_colors_info=\u00bb{}\u00bb][et_pb_image src=\u00bbhttps:\/\/fepale.org\/adsslalc\/wp-content\/uploads\/2025\/11\/dsf-cow.jpg\u00bb title_text=\u00bbdsf-cow\u00bb force_fullwidth=\u00bbon\u00bb _builder_version=\u00bb4.27.4&#8243; _module_preset=\u00bbdefault\u00bb border_radii=\u00bbon|20px|20px|20px|20px\u00bb box_shadow_style=\u00bbpreset1&#8243; global_colors_info=\u00bb{}\u00bb][\/et_pb_image][\/et_pb_column][\/et_pb_row][et_pb_row _builder_version=\u00bb4.27.4&#8243; _module_preset=\u00bbdefault\u00bb global_colors_info=\u00bb{}\u00bb][et_pb_column type=\u00bb4_4&#8243; _builder_version=\u00bb4.27.4&#8243; _module_preset=\u00bbdefault\u00bb global_colors_info=\u00bb{}\u00bb][et_pb_text _builder_version=\u00bb4.27.4&#8243; _module_preset=\u00bbdefault\u00bb global_colors_info=\u00bb{}\u00bb]<\/p>\n<p>La iniciativa busca construir una agenda regional coordinada que promueva el desarrollo sostenible del sector, mediante la aplicaci\u00f3n piloto de la metodolog\u00eda del Marco de la Sostenibilidad Lechera <strong>(Dairy Sustainability Framework \u2013 DSF)<\/strong> en pa\u00edses seleccionados de la regi\u00f3n. Este enfoque permitir\u00e1 alinear esfuerzos bajo est\u00e1ndares internacionales, fortalecer la articulaci\u00f3n p\u00fablico-privada, visibilizar los avances y mejorar el acceso a mercados internacionales, contribuyendo al desarrollo integral del sector l\u00e1cteo.<\/p>\n<p>Durante <strong>2025 y 2026<\/strong>, la iniciativa se desarrollar\u00e1 en varias etapas, que incluyen la selecci\u00f3n de tres pa\u00edses piloto, la identificaci\u00f3n de actores clave, la capacitaci\u00f3n en la <strong>metodolog\u00eda DSF<\/strong>, la elaboraci\u00f3n de perfiles nacionales de sostenibilidad y la conformaci\u00f3n de comit\u00e9s nacionales de trabajo. Posteriormente, se elaborar\u00e1n reportes t\u00e9cnicos de evaluaci\u00f3n y hojas de ruta nacionales que orientar\u00e1n las acciones hacia una lecher\u00eda m\u00e1s sostenible y competitiva.<\/p>\n<p>[\/et_pb_text][\/et_pb_column][\/et_pb_row][et_pb_row _builder_version=\u00bb4.27.4&#8243; _module_preset=\u00bbdefault\u00bb global_colors_info=\u00bb{}\u00bb][et_pb_column type=\u00bb4_4&#8243; _builder_version=\u00bb4.27.4&#8243; _module_preset=\u00bbdefault\u00bb global_colors_info=\u00bb{}\u00bb][et_pb_text _builder_version=\u00bb4.27.4&#8243; _module_preset=\u00bbdefault\u00bb global_colors_info=\u00bb{}\u00bb]Entre los resultados esperados se destacan la definici\u00f3n de los perfiles de sostenibilidad en cada pa\u00eds piloto, la creaci\u00f3n de marcos de trabajo colaborativos entre instituciones p\u00fablicas y privadas, y la socializaci\u00f3n de los avances.<\/p>\n<p>Esta iniciativa constituye un paso decisivo hacia la integraci\u00f3n y fortalecimiento del sector l\u00e1cteo latinoamericano y caribe\u00f1o, promoviendo un desarrollo sostenible basado en la cooperaci\u00f3n, la innovaci\u00f3n y la responsabilidad compartida.[\/et_pb_text][\/et_pb_column][\/et_pb_row][\/et_pb_section][et_pb_section fb_built=\u00bb1&#8243; fullwidth=\u00bbon\u00bb _builder_version=\u00bb4.27.4&#8243; _module_preset=\u00bbdefault\u00bb da_disable_devices=\u00bboff|off|off\u00bb global_colors_info=\u00bb{}\u00bb da_is_popup=\u00bboff\u00bb da_exit_intent=\u00bboff\u00bb da_has_close=\u00bbon\u00bb da_alt_close=\u00bboff\u00bb da_dark_close=\u00bboff\u00bb da_not_modal=\u00bbon\u00bb da_is_singular=\u00bboff\u00bb da_with_loader=\u00bboff\u00bb da_has_shadow=\u00bbon\u00bb][et_pb_fullwidth_header title=\u00bbNuestro Equipo de Trabajo\u00bb subhead=\u00bbConoce a Nuestros Profesionales en el Sector L\u00e1cteo\u00bb button_one_text=\u00bbEnlace\u00bb button_one_url=\u00bbhttps:\/\/fepale.org\/adsslalc\/equipo-de-trabajo\/\u00bb background_overlay_color=\u00bbrgba(0,0,0,0.39)\u00bb header_image_url=\u00bbhttps:\/\/fepale.org\/adsslalc\/wp-content\/uploads\/2025\/11\/manos_00215487.jpg\u00bb _builder_version=\u00bb4.27.4&#8243; _module_preset=\u00bbdefault\u00bb subhead_font=\u00bbPlayfair Display||||||||\u00bb subhead_font_size=\u00bb25px\u00bb background_color=\u00bb#0c71c3&#8243; custom_button_one=\u00bbon\u00bb button_one_border_radius=\u00bb10px\u00bb title_font_size_tablet=\u00bb\u00bb title_font_size_phone=\u00bb36px\u00bb title_font_size_last_edited=\u00bbon|phone\u00bb border_radii_image=\u00bbon|20px|20px|20px|20px\u00bb box_shadow_style_image=\u00bbpreset2&#8243; global_colors_info=\u00bb{}\u00bb]<\/p>\n<p>Un equipo dedicado a liderar el cambio hacia un sector l\u00e1cteo m\u00e1s sostenible y eficiente.<\/p>\n<p>[\/et_pb_fullwidth_header][\/et_pb_section]<\/p>\n","protected":false},"excerpt":{"rendered":"<p>Agenda de Desarrollo Sostenible del Sector L\u00e1cteo de Am\u00e9rica Latina y el CaribeLa producci\u00f3n lechera es una actividad estrat\u00e9gica para la seguridad alimentaria, el desarrollo rural y la generaci\u00f3n de empleo en Am\u00e9rica Latina y el Caribe. La regi\u00f3n cuenta con grandes ventajas naturales y sanitarias, pero enfrenta el desaf\u00edo de avanzar hacia una mayor [&hellip;]<\/p>\n","protected":false},"author":1,"featured_media":0,"parent":0,"menu_order":0,"comment_status":"closed","ping_status":"closed","template":"","meta":{"_et_pb_use_builder":"on","_et_pb_old_content":"","_et_gb_content_width":"","footnotes":""},"class_list":["post-661","page","type-page","status-publish","hentry"],"_links":{"self":[{"href":"https:\/\/fepale.org\/adsslalc\/wp-json\/wp\/v2\/pages\/661","targetHints":{"allow":["GET"]}}],"collection":[{"href":"https:\/\/fepale.org\/adsslalc\/wp-json\/wp\/v2\/pages"}],"about":[{"href":"https:\/\/fepale.org\/adsslalc\/wp-json\/wp\/v2\/types\/page"}],"author":[{"embeddable":true,"href":"https:\/\/fepale.org\/adsslalc\/wp-json\/wp\/v2\/users\/1"}],"replies":[{"embeddable":true,"href":"https:\/\/fepale.org\/adsslalc\/wp-json\/wp\/v2\/comments?post=661"}],"version-history":[{"count":34,"href":"https:\/\/fepale.org\/adsslalc\/wp-json\/wp\/v2\/pages\/661\/revisions"}],"predecessor-version":[{"id":749,"href":"https:\/\/fepale.org\/adsslalc\/wp-json\/wp\/v2\/pages\/661\/revisions\/749"}],"wp:attachment":[{"href":"https:\/\/fepale.org\/adsslalc\/wp-json\/wp\/v2\/media?parent=661"}],"curies":[{"name":"wp","href":"https:\/\/api.w.org\/{rel}","templated":true}]}}